{"id":179,"date":"2025-05-13T02:27:45","date_gmt":"2025-05-13T00:27:45","guid":{"rendered":"https:\/\/constell-actions.ismm.ircam.fr\/?page_id=179"},"modified":"2025-05-13T02:30:31","modified_gmt":"2025-05-13T00:30:31","slug":"no-fun","status":"publish","type":"page","link":"https:\/\/constell-actions.ismm.ircam.fr\/index.php\/no-fun\/","title":{"rendered":"No Fun"},"content":{"rendered":"\n<h3 class=\"wp-block-heading\">No Fun &#8211; Michelle Agnes Magalhaes<\/h3>\n\n\n\n<h5 class=\"wp-block-heading\">Notes pour la performance<\/h5>\n\n\n\n<p>Cette pi\u00e8ce est jou\u00e9e avec des mouvements et des sons.<\/p>\n\n\n\n<p>Les mouvements sont faits avec ton instrument et un t\u00e9l\u00e9phone portable attach\u00e9 \u00e0 ta ceinture ou plac\u00e9 dans ta poche.<\/p>\n\n\n\n<p>Le capteur de mouvement du t\u00e9l\u00e9phone portable permet de d\u00e9clencher un son pr\u00e9-enregistr\u00e9 pour chaque mouvement effectu\u00e9.<\/p>\n\n\n\n<p>Le rythme ainsi que la direction du mouvement sont \u00e9crits dans la port\u00e9e de trois lignes.<\/p>\n\n\n\n<p>A partir de ces \u00e9l\u00e9ments, tu peux choisir ton propre mouvement. Tu peux aussi faire un petit son avec ta respiration ou ta voix pour accompagner chaque mouvement.<\/p>\n\n\n\n<p>Chaque s\u00e9quence de mouvements correspond \u00e0 une s\u00e9quence de sons, jou\u00e9s toujours dans le m\u00eame ordre.<\/p>\n\n\n\n<p>A la fin de chaque s\u00e9quence il y a quelques mesures de mouvements enti\u00e8rement libres et non mesur\u00e9s.<\/p>\n\n\n\n<p>Tu peux exp\u00e9rimenter de nouveaux mouvements jusqu\u2019au d\u00e9clenchement du son de souffle, qui marque le moment pour lequel il faudra s\u2019arr\u00eater et attendre les autres instrumentistes (point d\u2019orgue).<\/p>\n\n\n\n<h5 class=\"wp-block-heading\"><strong><u>Pr\u00e9paration<\/u><\/strong><\/h5>\n\n\n\n<p>1) Connecter le portable \u00e0 une enceinte Bluetooth et la mettre \u00e0 ton c\u00f4t\u00e9<\/p>\n\n\n\n<p>2) Sortir le portable du mode silencieux<\/p>\n\n\n\n<p>3) R\u00e9gler le volume du portable au maximum<\/p>\n\n\n\n<p>4) Ouvrir la page web : <strong><a href=\"http:\/\/apps.ismm.ircam.fr\/como-michelle-trio\">apps.ismm.ircam.fr\/como-michelle-trio<\/a><\/strong><\/p>\n\n\n\n<p>5) Toucher l\u2019\u00e9cran et autoriser l\u2019acc\u00e8s aux capteurs de mouvement (si demand\u00e9)<\/p>\n\n\n\n<p>6) Cliquer sur la touche <strong>trio<\/strong><\/p>\n\n\n\n<h5 class=\"wp-block-heading\">Interface et application web<\/h5>\n\n\n\n<p>La partie \u00e9lectronique de la pi\u00e8ce utilise l\u2019application web <strong>CoMo elements<\/strong>, d\u00e9velopp\u00e9e par l\u2019\u00e9quipe Interaction Son Musique Mouvement de l\u2019IRCAM, Centre Georges Pompidou.<\/p>\n\n\n\n<p>Elle a \u00e9t\u00e9 cr\u00e9\u00e9e gr\u00e2ce \u00e0 un travail de collaboration et de recherche avec Fr\u00e9d\u00e9ric Bevilacqua et Benjamin Matuszewski (ISMM IRCAM) dans le cadre de la r\u00e9sidence artistique et du projet STARTS de la Commission europ\u00e9enne.<\/p>\n\n\n\n<h5 class=\"wp-block-heading\">Propos<\/h5>\n\n\n\n<p>Une exp\u00e9rience d\u2019\u00e9coute, avant la production du son.<\/p>\n\n\n\n<p>Un r\u00e9veil pour l\u2019oreille int\u00e9rieur : \u00e9couter chaque mouvement corporel.<\/p>\n\n\n\n<p>Une perception du trio, se synchroniser avec l\u2019autre.<\/p>\n\n\n\n<p>Mouvement, respiration, regard.<\/p>\n\n\n\n<p><\/p>\n","protected":false},"excerpt":{"rendered":"<p>No Fun &#8211; Michelle Agnes Magalhaes Notes pour la performance [&hellip;]<\/p>\n","protected":false},"author":2,"featured_media":0,"parent":0,"menu_order":0,"comment_status":"closed","ping_status":"closed","template":"","meta":{"footnotes":""},"class_list":["post-179","page","type-page","status-publish","hentry"],"_links":{"self":[{"href":"https:\/\/constell-actions.ismm.ircam.fr\/index.php\/wp-json\/wp\/v2\/pages\/179","targetHints":{"allow":["GET"]}}],"collection":[{"href":"https:\/\/constell-actions.ismm.ircam.fr\/index.php\/wp-json\/wp\/v2\/pages"}],"about":[{"href":"https:\/\/constell-actions.ismm.ircam.fr\/index.php\/wp-json\/wp\/v2\/types\/page"}],"author":[{"embeddable":true,"href":"https:\/\/constell-actions.ismm.ircam.fr\/index.php\/wp-json\/wp\/v2\/users\/2"}],"replies":[{"embeddable":true,"href":"https:\/\/constell-actions.ismm.ircam.fr\/index.php\/wp-json\/wp\/v2\/comments?post=179"}],"version-history":[{"count":2,"href":"https:\/\/constell-actions.ismm.ircam.fr\/index.php\/wp-json\/wp\/v2\/pages\/179\/revisions"}],"predecessor-version":[{"id":184,"href":"https:\/\/constell-actions.ismm.ircam.fr\/index.php\/wp-json\/wp\/v2\/pages\/179\/revisions\/184"}],"wp:attachment":[{"href":"https:\/\/constell-actions.ismm.ircam.fr\/index.php\/wp-json\/wp\/v2\/media?parent=179"}],"curies":[{"name":"wp","href":"https:\/\/api.w.org\/{rel}","templated":true}]}}