{"id":172,"date":"2022-05-13T12:06:00","date_gmt":"2022-05-13T10:06:00","guid":{"rendered":"https:\/\/constell-actions.ismm.ircam.fr\/?page_id=172"},"modified":"2025-05-13T02:35:35","modified_gmt":"2025-05-13T00:35:35","slug":"deux-vitesses","status":"publish","type":"page","link":"https:\/\/constell-actions.ismm.ircam.fr\/index.php\/deux-vitesses\/","title":{"rendered":"Deux vitesses"},"content":{"rendered":"\n<h4 class=\"wp-block-heading\">Deux vitesses &#8211; Michelle Agnes Magalhaes<\/h4>\n\n\n\n<hr class=\"wp-block-separator has-alpha-channel-opacity\"\/>\n\n\n\n<h5 class=\"wp-block-heading\"><em>Version sans support \u00e9lectronique pour un groupe de 8-100 personnes.<\/em><\/h5>\n\n\n\n<h6 class=\"wp-block-heading\"><strong><u>Instructions<\/u><\/strong><\/h6>\n\n\n\n<p>La partition est constitu\u00e9e d\u2019indications de <em>tempi<\/em> et d&#8217;alternance de tempo <em>lent <\/em>et <em>rapide<\/em>. Ces indications, en g\u00e9n\u00e9ral \u00e9crites en italien au d\u00e9but d&#8217;un morceau, \u00e0 partir du XVIII si\u00e8cle, pouvaient \u00eatre suivies d&#8217;une expression ou d&#8217;un qualificatif pour d\u00e9signer le caract\u00e8re du morceau (<em>andante appassionato<\/em>, <em>presto con fuoco<\/em>, <em>lento patetico<\/em>, etc).<\/p>\n\n\n\n<p>Apr\u00e8s la lecture de la partition, imaginez deux mouvements avec les bras :<\/p>\n\n\n\n<ol class=\"wp-block-list\">\n<li>Un geste horizontal qui inspire la lenteur. Comme des ondulations, ce mouvement est la base de la pi\u00e8ce.<\/li>\n\n\n\n<li>Un geste vertical qui inspire la rapidit\u00e9. Un signe bref, un appel, ce mouvement est ponctuel, singulier, surprenant.<\/li>\n<\/ol>\n\n\n\n<p>Le jeu est collectif.<\/p>\n\n\n\n<p>Laissez-vous influencer les uns par les autres.<\/p>\n\n\n\n<p>Percevez les gestes individuels et rapides ainsi que les vagues lentes et apaisantes, le mouvement global du groupe, synchronies, acc\u00e9l\u00e9rations et retards.<\/p>\n\n\n\n<p>Choisissez des mots de la partition et d&#8217;autres mots par association libre. Vous pouvez les dire \u00e0 voix haute quand vous le sentez.<\/p>\n\n\n\n<p>Avant de commencer, convenez la dur\u00e9e de la pi\u00e8ce (entre 3 et 6 minutes).<\/p>\n\n\n\n<p>Dans la derni\u00e8re minute de la pi\u00e8ce, le groupe intensifie l&#8217;imitation et finit par se retrouver autour d&#8217;un m\u00eame geste, comme s&#8217;il cherchait un &#8220;unisson&#8221;. Vous pouvez produire un son long avec la voix d\u00e8s que ce moment arrive.<br><strong><\/strong><\/p>\n\n\n\n<h5 class=\"wp-block-heading\"><strong>Deux vitesses<\/strong><\/h5>\n\n\n\n<blockquote class=\"wp-block-quote is-layout-flow wp-block-quote-is-layout-flow\">\n<p>Vite pour attraper une mouche, une id\u00e9e, le m\u00e9tro<\/p>\n\n\n\n<p>Lent comme la sueur qui coule dans un apr\u00e8s-midi d&#8217;\u00e9t\u00e9<\/p>\n\n\n\n<p>Vite, vite comme la lumi\u00e8re<\/p>\n\n\n\n<p>Lent en mode marinade<\/p>\n\n\n\n<p>Rapide et d\u00e9licat<\/p>\n\n\n\n<p>Lent mais pas ennuy\u00e9<\/p>\n\n\n\n<p>Un accelerando pr\u00e9cis<\/p>\n\n\n\n<p>Le tempo d&#8217;une ballade en chameau<\/p>\n\n\n\n<p>Allegro d\u00e9sirant<\/p>\n\n\n\n<p>Presto coeur de foetus<\/p>\n\n\n\n<p>Larghissimo<\/p>\n\n\n\n<p>Le tour du monde dans la peau d&#8217;un escargot<\/p>\n<\/blockquote>\n\n\n\n<figure class=\"wp-block-embed is-type-video is-provider-youtube wp-block-embed-youtube wp-embed-aspect-16-9 wp-has-aspect-ratio\"><div class=\"wp-block-embed__wrapper\">\n<iframe loading=\"lazy\" title=\"Deux vitesses - Michelle Agnes Magalh\u00e3es\" width=\"640\" height=\"360\" src=\"https:\/\/www.youtube.com\/embed\/kfuCnUVq8OQ?feature=oembed\" frameborder=\"0\" allow=\"accelerometer; autoplay; clipboard-write; encrypted-media; gyroscope; picture-in-picture; web-share\" referrerpolicy=\"strict-origin-when-cross-origin\" allowfullscreen><\/iframe>\n<\/div><\/figure>\n\n\n\n<hr class=\"wp-block-separator has-alpha-channel-opacity\"\/>\n\n\n\n<h5 class=\"wp-block-heading\"><em>Version avec \u00e9lectronique pour un groupe de 4, 8, 12, 16 ou 20 interpr\u00e8tes.<\/em><\/h5>\n\n\n\n<p>Cette pi\u00e8ce est jou\u00e9e avec des sons et des mouvements.<\/p>\n\n\n\n<p>Chaque interpr\u00e8te tient un t\u00e9l\u00e9phone portable ou un iPod portable \u00e0 la main.<\/p>\n\n\n\n<p>Selon la vitesse du mouvement, une famille de sons est d\u00e9clench\u00e9e :<\/p>\n\n\n\n<ul class=\"wp-block-list\">\n<li>les mouvements lents d\u00e9clenchent des percussions aigus,<\/li>\n\n\n\n<li>les mouvements rapides d\u00e9clenchent des percussions graves<\/li>\n<\/ul>\n\n\n\n<p>Le projet, disponible sur la page ADRESSE DE LA PAGE WEB, poss\u00e8de 4 sessions. Si vous jouez la pi\u00e8ce \u00e0 4 interpr\u00e8tes, chaque session correspond \u00e0 un interpr\u00e8te. Si vous jouez \u00e0 8, 12, 16 ou 20 interpr\u00e8tes, chaque session correspond \u00e0 un groupe de 2,3,4 ou 5 interpr\u00e8tes qui d\u00e9sormais appartiennent \u00e0 un m\u00eame groupe.<\/p>\n\n\n\n<p><strong><u>Pr\u00e9paration<\/u><\/strong><\/p>\n\n\n\n<p>1) Connecter le portable \u00e0 une enceinte Bluetooth et la mettre \u00e0 ton c\u00f4t\u00e9.<\/p>\n\n\n\n<p>2) Sortir le portable du mode silencieux.<\/p>\n\n\n\n<p>3) R\u00e9gler le volume du portable au maximum.<\/p>\n\n\n\n<p>4) Ouvrir la page web : apps.ismm.ircam.fr\/xxxxxxxx<\/p>\n\n\n\n<p>5) Toucher l\u2019\u00e9cran et autoriser l\u2019acc\u00e8s aux capteurs de mouvement (si demand\u00e9)<\/p>\n\n\n\n<p>6) Choisir la session : interpr\u00e8te 1,&nbsp; interpr\u00e8te 2, interpr\u00e8te 3 ou interpr\u00e8te 4.<\/p>\n\n\n\n<p>7) Enlever l\u2019option <strong>mute <\/strong>(muet)pour commencer la performance. Cliquer sur <strong>mute<\/strong>\u00e0 la fin de la performance.<\/p>\n\n\n\n<p><strong><u>Instructions<\/u><\/strong><\/p>\n\n\n\n<p>La partition est constitu\u00e9e d\u2019indications de <em>tempi<\/em> et d&#8217;alternance de tempo <em>lent <\/em>et <em>rapide<\/em>. Ces indications, en g\u00e9n\u00e9ral \u00e9crites en italien au d\u00e9but d&#8217;un morceau \u00e0 partir du XVIII si\u00e8cle, pouvaient \u00eatre suivies d&#8217;une expression ou d&#8217;un qualificatif pour d\u00e9signer le caract\u00e8re du morceau (<em>andante appassionato<\/em>, <em>presto con fuoco<\/em>, <em>lento patetico<\/em>, etc).<\/p>\n\n\n\n<p>Apr\u00e8s la lecture de la partition, imaginez deux mouvements avec les bras :<\/p>\n\n\n\n<ol class=\"wp-block-list\">\n<li>Un geste horizontal qui inspire la lenteur. Comme des ondulations, ce mouvement est la base de la pi\u00e8ce.<\/li>\n\n\n\n<li>Un geste vertical qui inspire la rapidit\u00e9. Un signe bref, un appel, ce mouvement est ponctuel, singulier, surprenant.<\/li>\n<\/ol>\n\n\n\n<p>La pi\u00e8ce est jou\u00e9e en 5 parties :<\/p>\n\n\n\n<figure class=\"wp-block-table\"><table class=\"has-fixed-layout\"><tbody><tr><td><strong>introduction<\/strong> ca. 30 seconds<\/td><td>Les interpr\u00e8tes se retrouvent dans la position initiale, en cercle. Ils font des mouvements horizontaux courts et lents, un \u00e0 chaque fois. Cette partie est un moment d&#8217;exploration et de d\u00e9couverte des sons et des rebondissements.<\/td><\/tr><tr><td><strong>partie 1<\/strong> ca. 1 minute<\/td><td>Le premier interpr\u00e8te\/groupe d&#8217;interpr\u00e8tes se s\u00e9pare de la totalit\u00e9 du groupe. Il.s exp\u00e9rimente.nt des mouvements verticaux rapides. Les interpr\u00e8tes\/groupes 2, 3 et 4 imitent ces mouvements en vitesse tr\u00e8s lente.<\/td><\/tr><tr><td><strong>partie 2<\/strong> ca. 1 minute<\/td><td>Le deuxi\u00e8me interpr\u00e8te\/groupe se s\u00e9pare de l&#8217;ensemble pour explorer les mouvements verticaux rapides. Les interpr\u00e8tes\/groupes 1, 3 et 4 imitent ces mouvements en vitesse tr\u00e8s lente.<\/td><\/tr><tr><td><strong>partie 3<\/strong> ca. 1 minute<\/td><td>Le troisi\u00e8me interpr\u00e8te ou groupe d&#8217;interpr\u00e8tes font des mouvements verticaux rapides pendant que les groupes 1, 2 et 4 imitent ces mouvements en vitesse extr\u00eamement lente.<\/td><\/tr><tr><td><strong>partie 4<\/strong> ca. 1 minute<\/td><td>Le quatri\u00e8me interpr\u00e8te ou groupe d&#8217;interpr\u00e8tes font des mouvements verticaux rapides. Cette fois-ci, les autres interpr\u00e8tes\/groupes le.s suivent aussi en vitesse rapide.<\/td><\/tr><\/tbody><\/table><\/figure>\n\n\n\n<blockquote class=\"wp-block-quote is-layout-flow wp-block-quote-is-layout-flow\">\n<p><strong>Deux vitesses<\/strong><\/p>\n\n\n\n<p>Vite pour attraper une mouche, une id\u00e9e, le m\u00e9tro<\/p>\n\n\n\n<p>Lent comme la sueur qui coule dans un apr\u00e8s-midi d&#8217;\u00e9t\u00e9<\/p>\n\n\n\n<p>Vite, vite comme la lumi\u00e8re<\/p>\n\n\n\n<p>Lent en mode marinade<\/p>\n\n\n\n<p>Rapide et d\u00e9licat<\/p>\n\n\n\n<p>Lent mais pas ennuy\u00e9<\/p>\n\n\n\n<p>Un accelerando pr\u00e9cis<\/p>\n\n\n\n<p>Le tempo d&#8217;une ballade en chameau<\/p>\n\n\n\n<p>Allegro d\u00e9sirant<\/p>\n\n\n\n<p>Presto coeur de foetus<\/p>\n\n\n\n<p>Larghissimo<\/p>\n\n\n\n<p>Le tour du monde dans la peau d&#8217;un escargot<\/p>\n<\/blockquote>\n\n\n\n<p><\/p>\n\n\n\n<figure class=\"wp-block-embed is-type-video is-provider-youtube wp-block-embed-youtube wp-embed-aspect-16-9 wp-has-aspect-ratio\"><div class=\"wp-block-embed__wrapper\">\n<iframe loading=\"lazy\" title=\"Deux Vitesses (two speeds)\" width=\"640\" height=\"360\" src=\"https:\/\/www.youtube.com\/embed\/0CMz43R3l44?feature=oembed\" frameborder=\"0\" allow=\"accelerometer; autoplay; clipboard-write; encrypted-media; gyroscope; picture-in-picture; web-share\" referrerpolicy=\"strict-origin-when-cross-origin\" allowfullscreen><\/iframe>\n<\/div><\/figure>\n","protected":false},"excerpt":{"rendered":"<p>Deux vitesses &#8211; Michelle Agnes Magalhaes Version sans support \u00e9lectronique [&hellip;]<\/p>\n","protected":false},"author":3,"featured_media":0,"parent":0,"menu_order":0,"comment_status":"closed","ping_status":"closed","template":"","meta":{"footnotes":""},"class_list":["post-172","page","type-page","status-publish","hentry"],"_links":{"self":[{"href":"https:\/\/constell-actions.ismm.ircam.fr\/index.php\/wp-json\/wp\/v2\/pages\/172","targetHints":{"allow":["GET"]}}],"collection":[{"href":"https:\/\/constell-actions.ismm.ircam.fr\/index.php\/wp-json\/wp\/v2\/pages"}],"about":[{"href":"https:\/\/constell-actions.ismm.ircam.fr\/index.php\/wp-json\/wp\/v2\/types\/page"}],"author":[{"embeddable":true,"href":"https:\/\/constell-actions.ismm.ircam.fr\/index.php\/wp-json\/wp\/v2\/users\/3"}],"replies":[{"embeddable":true,"href":"https:\/\/constell-actions.ismm.ircam.fr\/index.php\/wp-json\/wp\/v2\/comments?post=172"}],"version-history":[{"count":2,"href":"https:\/\/constell-actions.ismm.ircam.fr\/index.php\/wp-json\/wp\/v2\/pages\/172\/revisions"}],"predecessor-version":[{"id":175,"href":"https:\/\/constell-actions.ismm.ircam.fr\/index.php\/wp-json\/wp\/v2\/pages\/172\/revisions\/175"}],"wp:attachment":[{"href":"https:\/\/constell-actions.ismm.ircam.fr\/index.php\/wp-json\/wp\/v2\/media?parent=172"}],"curies":[{"name":"wp","href":"https:\/\/api.w.org\/{rel}","templated":true}]}}