{"id":142,"date":"2025-05-13T01:28:17","date_gmt":"2025-05-12T23:28:17","guid":{"rendered":"https:\/\/constell-actions.ismm.ircam.fr\/?page_id=142"},"modified":"2025-05-13T01:54:45","modified_gmt":"2025-05-12T23:54:45","slug":"meduse","status":"publish","type":"page","link":"https:\/\/constell-actions.ismm.ircam.fr\/index.php\/meduse\/","title":{"rendered":"M\u00e9duse"},"content":{"rendered":"\n<h2 class=\"wp-block-heading\">M\u00e9duse &#8211; Michelle Agnes Magalhaes<\/h2>\n\n\n\n<div class=\"wp-block-columns is-layout-flex wp-container-core-columns-is-layout-9d6595d7 wp-block-columns-is-layout-flex\">\n<div class=\"wp-block-column is-layout-flow wp-block-column-is-layout-flow\" style=\"flex-basis:100%\">\n<p><em>Pour 6 \u00e0 12 interpr\u00e8tes et un ma\u00eetre du jeu<\/em><br>smartphones et haut-parleurs<br><br><em>Paris 2018-2020<\/em><br><em>\u00e0 Sounditiniative<\/em><\/p>\n<\/div>\n<\/div>\n\n\n\n<figure class=\"wp-block-gallery has-nested-images columns-default is-cropped wp-block-gallery-1 is-layout-flex wp-block-gallery-is-layout-flex\">\n<figure class=\"wp-block-image size-large\"><img loading=\"lazy\" decoding=\"async\" width=\"820\" height=\"524\" data-id=\"148\" src=\"https:\/\/constell-actions.ismm.ircam.fr\/wp-content\/uploads\/2025\/05\/Photo3-Me\u0301duse.jpg\" alt=\"\" class=\"wp-image-148\" srcset=\"https:\/\/constell-actions.ismm.ircam.fr\/wp-content\/uploads\/2025\/05\/Photo3-Me\u0301duse.jpg 820w, https:\/\/constell-actions.ismm.ircam.fr\/wp-content\/uploads\/2025\/05\/Photo3-Me\u0301duse-300x192.jpg 300w, https:\/\/constell-actions.ismm.ircam.fr\/wp-content\/uploads\/2025\/05\/Photo3-Me\u0301duse-768x491.jpg 768w\" sizes=\"auto, (max-width: 820px) 100vw, 820px\" \/><\/figure>\n\n\n\n<figure class=\"wp-block-image size-large\"><img loading=\"lazy\" decoding=\"async\" width=\"724\" height=\"542\" data-id=\"146\" src=\"https:\/\/constell-actions.ismm.ircam.fr\/wp-content\/uploads\/2025\/05\/Photo1-Me\u0301duse.jpg\" alt=\"\" class=\"wp-image-146\" srcset=\"https:\/\/constell-actions.ismm.ircam.fr\/wp-content\/uploads\/2025\/05\/Photo1-Me\u0301duse.jpg 724w, https:\/\/constell-actions.ismm.ircam.fr\/wp-content\/uploads\/2025\/05\/Photo1-Me\u0301duse-300x225.jpg 300w\" sizes=\"auto, (max-width: 724px) 100vw, 724px\" \/><\/figure>\n<\/figure>\n\n\n\n<p><\/p>\n\n\n\n<figure class=\"wp-block-embed is-type-video is-provider-youtube wp-block-embed-youtube wp-embed-aspect-16-9 wp-has-aspect-ratio\"><div class=\"wp-block-embed__wrapper\">\n<iframe loading=\"lazy\" title=\"Meduse\" width=\"640\" height=\"360\" src=\"https:\/\/www.youtube.com\/embed\/eSZPYLthZV0?feature=oembed\" frameborder=\"0\" allow=\"accelerometer; autoplay; clipboard-write; encrypted-media; gyroscope; picture-in-picture; web-share\" referrerpolicy=\"strict-origin-when-cross-origin\" allowfullscreen><\/iframe>\n<\/div><\/figure>\n\n\n\n<div style=\"height:20px\" aria-hidden=\"true\" class=\"wp-block-spacer\"><\/div>\n\n\n\n<h4 class=\"wp-block-heading\">Mat\u00e9riel<\/h4>\n\n\n\n<ul class=\"wp-block-list\">\n<li> cordes (une pour chaque couple d&#8217;interpr\u00e8tes)<\/li>\n\n\n\n<li>t\u00e9l\u00e9phones portables ou Ipods avec brassard (un pour chaque couple d&#8217;interpr\u00e8tes)<\/li>\n\n\n\n<li>tablette, ordinateur ou portable (contr\u00f4l\u00e9 par le ma\u00eetre du jeu)<\/li>\n\n\n\n<li>haut-parleurs connect\u00e9s \u00e0 la sortie du dispositif du ma\u00eetre du jeu (tablette ou ordinateur).<\/li>\n<\/ul>\n\n\n\n<p>Cette pi\u00e8ce se joue en couple. Au sein de chaque couple, un des interpr\u00e8tes poss\u00e8de un portable attach\u00e9 \u00e0 son poignet \u00e0 l&#8217;aide d&#8217;un brassard. Chaque couple poss\u00e8de \u00e9galement une corde longue de 2 \u00e0 3 m\u00e8tres selon l&#8217;espace disponible.<\/p>\n\n\n\n<p>L&#8217;interpr\u00e8te en possession du portable transforme <em>tout ce qu&#8217;il touche<\/em> en instrument musical. Il tient la corde avec le bras sur lequel le brassard est install\u00e9, de telle sorte que toute agitation de la corde est re\u00e7ue par le capteur de mouvement du t\u00e9l\u00e9phone portable qui, par cons\u00e9quent, d\u00e9clenche un son.<\/p>\n\n\n\n<p>Le ma\u00eetre du jeu contr\u00f4le les portables des interpr\u00e8tes \u00e0 travers une console virtuelle (voir pr\u00e9paration). Il est \u00e9galement responsable de la diffusion et des r\u00e9glages du son sur les haut-parleurs.<\/p>\n\n\n\n<h4 class=\"wp-block-heading\">Pr\u00e9paration<\/h4>\n\n\n\n<h5 class=\"wp-block-heading\">Pour les interpr\u00e8tes<\/h5>\n\n\n\n<p>1) Placer les cordes non d\u00e9pli\u00e9es par terre, dans les limites de l&#8217;espace de jeu.<\/p>\n\n\n\n<p>2) Sortir les portables du mode silencieux.<\/p>\n\n\n\n<p>3) R\u00e9gler le volume des portables au maximum.<\/p>\n\n\n\n<p>4) Ouvrir la page web : apps.ismm.ircam.fr<\/p>\n\n\n\n<p>5) Toucher l\u2019\u00e9cran et autoriser l\u2019acc\u00e8s aux capteurs de mouvement (si demand\u00e9).<\/p>\n\n\n\n<p>6) Cliquer sur l&#8217;\u00e9cran pour commencer.<\/p>\n\n\n\n<p><em>\u00c0 travers l&#8217;intensit\u00e9 et l&#8217;\u00e9nergie de vos gestes, vous contr\u00f4lez la dynamique du son.<\/em><\/p>\n\n\n\n<p><em>A chaque partie, vous avez de nouveaux sons qui arrivent par transition progressive contr\u00f4l\u00e9e par le ma\u00eetre du jeu.<\/em><\/p>\n\n\n\n<h5 class=\"wp-block-heading\">Pour le ma\u00eetre du jeu<\/h5>\n\n\n\n<p>Vous contr\u00f4lez les sons et sa diffusion pendant le d\u00e9roulement de la performance.<\/p>\n\n\n\n<p>Vous pouvez acc\u00e9der \u00e0 la surface de contr\u00f4le depuis un ordinateur ou une tablette&nbsp; par le website : <a href=\"http:\/\/apps.ismm.ircam.fr\/controller\" data-type=\"link\" data-id=\"apps.ismm.ircam.fr\/controller\">apps.ismm.ircam.fr\/controller<\/a><\/p>\n\n\n\n<p>1) Diffusion du son<\/p>\n\n\n\n<p><em>Option 1 : <\/em>Si vous \u00eates dans un petit espace, vous pouvez utiliser un syst\u00e8me nomade compos\u00e9 par les portables et des haut-parleurs bluetooth. Chaque portable est connect\u00e9 directement \u00e0 une enceinte <em>bluetooth<\/em>. Dans votre surface de contr\u00f4le, vous pouvez ajuster les volumes, mettre les portables en mode muet ou sonore, changer les sons.&nbsp;<\/p>\n\n\n\n<p><em>Option 2 : <\/em>Vous contr\u00f4lez les sons \u00e9mis par l&#8217;ordinateur et diffus\u00e9s par les enceintes \u00e0 travers le syst\u00e8me <em>duplicate audio<\/em>. Dans ce cas, le son des portables sera dupliqu\u00e9 et envoy\u00e9 vers la sortie de l&#8217;ordinateur ou de la tablette.<\/p>\n\n\n\n<p>Vous jouez un r\u00f4le actif dans l&#8217;interpr\u00e9tation de la musique et vous pouvez vous appropriez du syst\u00e8me de diffusion (surface de contr\u00f4le web, table de mixage) pour manipuler le volume, la fa\u00e7on dont les sons sont distribu\u00e9s dans l&#8217;espace, la dynamique.<\/p>\n\n\n\n<p>Un syst\u00e8me de pr\u00e9r\u00e9glage de sons est propos\u00e9 \u00e0 chaque partie dans le d\u00e9roul\u00e9, le changement de sons se fait de fa\u00e7on progressive. Les interpr\u00e8tes contr\u00f4lent la dynamique du son \u00e0 travers l&#8217;intensit\u00e9 et l&#8217;\u00e9nergie de leurs gestes.<\/p>\n\n\n\n<p><strong>Pr\u00e9r\u00e9glages \/ banque de sons<\/strong><\/p>\n\n\n\n<blockquote class=\"wp-block-quote is-layout-flow wp-block-quote-is-layout-flow\">\n<p>01 filter<br>02 inharmonic<br>03 sitar 1-6 notes<br>04 sitar 2<br>05 bass + inharmonic<br>06 harp<br>07 textures<br>08 low notes + inharmonic<br>09 bass<br>10 mega bass<br>11 mega bass 3 notes<br>12 chords + inharmonic<br>13 high arpeges + inharmonic<br>14 chords<br>15 high notes + inharmonic<\/p>\n<\/blockquote>\n\n\n\n<h4 class=\"wp-block-heading\">Instructions<\/h4>\n\n\n\n<h5 class=\"wp-block-heading\">Partie 1<\/h5>\n\n\n\n<p><strong>Actions : <\/strong>Les cordes\/c\u00e2bles\/fils sont pos\u00e9s par terre. Les interpr\u00e8tes s&#8217;approchent et commencent \u00e0 d\u00e9nouer et lisser les cordes.<\/p>\n\n\n\n<p><strong>Sons : <\/strong>Bruit blanc m\u00e9lang\u00e9 avec des cr\u00e9pitements. Les mouvements des joueurs contr\u00f4lent un filtre de fr\u00e9quences.<\/p>\n\n\n\n<figure class=\"wp-block-image size-full\"><img loading=\"lazy\" decoding=\"async\" width=\"904\" height=\"428\" src=\"https:\/\/constell-actions.ismm.ircam.fr\/wp-content\/uploads\/2025\/05\/Picture-1-Me\u0301duse.jpg\" alt=\"\" class=\"wp-image-149\" srcset=\"https:\/\/constell-actions.ismm.ircam.fr\/wp-content\/uploads\/2025\/05\/Picture-1-Me\u0301duse.jpg 904w, https:\/\/constell-actions.ismm.ircam.fr\/wp-content\/uploads\/2025\/05\/Picture-1-Me\u0301duse-300x142.jpg 300w, https:\/\/constell-actions.ismm.ircam.fr\/wp-content\/uploads\/2025\/05\/Picture-1-Me\u0301duse-768x364.jpg 768w\" sizes=\"auto, (max-width: 904px) 100vw, 904px\" \/><\/figure>\n\n\n\n<figure class=\"wp-block-table\"><table class=\"has-fixed-layout\"><tbody><tr><td>Ma\u00eetre du jeu &nbsp; <br>Pr\u00e9 R\u00e9glages <br>Interpr\u00e8tes 1 \u00e0 6 : 01 filter Intensit\u00e9 : <em>pp<\/em> &#8211; <em>p<\/em><\/td><\/tr><\/tbody><\/table><\/figure>\n\n\n\n<h5 class=\"wp-block-heading\">Partie 2<\/h5>\n\n\n\n<p><strong>Actions : <\/strong>Chaque interpr\u00e8te prend place \u00e0 l&#8217;extr\u00e9mit\u00e9 d&#8217;un fil. Ils font vibrer la corde en deux \u00e9tapes.<\/p>\n\n\n\n<p>A. En position accroupie, la corde par terre, comme un &#8220;serpent qui bouge horizontalement sur le sable&#8221;.<\/p>\n\n\n\n<p>B. Debout en faisant des vibrations horizontales avec la corde pour ensuite la tourner comme une corde \u00e0 sauter en frappant le sol. Les interpr\u00e8tes essayent de produire des n\u0153uds, divisions de la cordes en 2, 3, 4, etc.<\/p>\n\n\n\n<p><strong>Sons :<\/strong> Bruit blanc m\u00e9lang\u00e9 avec des cr\u00e9pitements (filtre de fr\u00e9quences), transition vers des bruits inharmoniques de la corde.<\/p>\n\n\n\n<figure class=\"wp-block-image size-full\"><img loading=\"lazy\" decoding=\"async\" width=\"904\" height=\"428\" src=\"https:\/\/constell-actions.ismm.ircam.fr\/wp-content\/uploads\/2025\/05\/Picture-2-Me\u0301duse.jpg\" alt=\"\" class=\"wp-image-150\" srcset=\"https:\/\/constell-actions.ismm.ircam.fr\/wp-content\/uploads\/2025\/05\/Picture-2-Me\u0301duse.jpg 904w, https:\/\/constell-actions.ismm.ircam.fr\/wp-content\/uploads\/2025\/05\/Picture-2-Me\u0301duse-300x142.jpg 300w, https:\/\/constell-actions.ismm.ircam.fr\/wp-content\/uploads\/2025\/05\/Picture-2-Me\u0301duse-768x364.jpg 768w\" sizes=\"auto, (max-width: 904px) 100vw, 904px\" \/><\/figure>\n\n\n\n<figure class=\"wp-block-table\"><table class=\"has-fixed-layout\"><tbody><tr><td>Ma\u00eetre du jeu &nbsp; <br>Pr\u00e9 R\u00e9glages <br>Interpr\u00e8tes 1 \u00e0 3 : 01 filter <br>Interpr\u00e8tes 4 \u00e0 6 : 02 inharmonic Intensit\u00e9 :&nbsp; <em>p &#8211; mf<\/em> &nbsp;<\/td><\/tr><\/tbody><\/table><\/figure>\n\n\n\n<h5 class=\"wp-block-heading\">Partie 3<\/h5>\n\n\n\n<p><strong>Actions :<\/strong> Les duos se d\u00e9placent dans l&#8217;espace. Interactions br\u00e8ves entre eux. Deux mouvements possibles avec les cordes : mettre la corde en vibration ou la jouer <em>pizzicato,<\/em> avec les doigts comme une \u00e9norme corde de contrebasse.<\/p>\n\n\n\n<p><strong>Sons :<\/strong> Transition vers une m\u00e9lodie de sitar<\/p>\n\n\n\n<figure class=\"wp-block-image size-full\"><img loading=\"lazy\" decoding=\"async\" width=\"904\" height=\"428\" src=\"https:\/\/constell-actions.ismm.ircam.fr\/wp-content\/uploads\/2025\/05\/Picture-3-Me\u0301duse.jpg\" alt=\"\" class=\"wp-image-151\" srcset=\"https:\/\/constell-actions.ismm.ircam.fr\/wp-content\/uploads\/2025\/05\/Picture-3-Me\u0301duse.jpg 904w, https:\/\/constell-actions.ismm.ircam.fr\/wp-content\/uploads\/2025\/05\/Picture-3-Me\u0301duse-300x142.jpg 300w, https:\/\/constell-actions.ismm.ircam.fr\/wp-content\/uploads\/2025\/05\/Picture-3-Me\u0301duse-768x364.jpg 768w\" sizes=\"auto, (max-width: 904px) 100vw, 904px\" \/><\/figure>\n\n\n\n<figure class=\"wp-block-table\"><table class=\"has-fixed-layout\"><tbody><tr><td>Ma\u00eetre du jeu &nbsp; <br>Pr\u00e9 r\u00e9glages (transition progressive) <br>Interpr\u00e8tes 1 \u00e0 3 : 01 filter =&gt; 03 sitar (1-6 notes) <br>Interpr\u00e8tes 4 \u00e0 6 : 02 inharmonic =&gt; 04 sitar 2 Intensit\u00e9 :&nbsp; <em>p &#8211; mf<\/em><\/td><\/tr><\/tbody><\/table><\/figure>\n\n\n\n<h5 class=\"wp-block-heading\">Partie 4<\/h5>\n\n\n\n<p><strong>Actions : <\/strong>Les couples se d\u00e9placent de fa\u00e7on \u00e0 faire passer leur corde sur la corde d&#8217;un autre duo. Petit \u00e0 petit, ils dessinent une \u00e9toile. Un ou deux interpr\u00e8tes peuvent faire une boucle au centre pour unifier les cordes.<\/p>\n\n\n\n<p><strong>Sons :<\/strong> Transition vers les sons de cordes graves et des sons bruiteux<\/p>\n\n\n\n<figure class=\"wp-block-image size-full\"><img loading=\"lazy\" decoding=\"async\" width=\"656\" height=\"654\" src=\"https:\/\/constell-actions.ismm.ircam.fr\/wp-content\/uploads\/2025\/05\/Picture-4-Me\u0301duse.jpg\" alt=\"\" class=\"wp-image-152\" srcset=\"https:\/\/constell-actions.ismm.ircam.fr\/wp-content\/uploads\/2025\/05\/Picture-4-Me\u0301duse.jpg 656w, https:\/\/constell-actions.ismm.ircam.fr\/wp-content\/uploads\/2025\/05\/Picture-4-Me\u0301duse-300x300.jpg 300w, https:\/\/constell-actions.ismm.ircam.fr\/wp-content\/uploads\/2025\/05\/Picture-4-Me\u0301duse-150x150.jpg 150w\" sizes=\"auto, (max-width: 656px) 100vw, 656px\" \/><\/figure>\n\n\n\n<figure class=\"wp-block-table\"><table class=\"has-fixed-layout\"><tbody><tr><td>Ma\u00eetre du jeu &nbsp; <br>Pr\u00e9 r\u00e9glages (transition progressive) : <br>Interpr\u00e8tes 1 \u00e0 6 : 03 \/04 sitar =&gt; 05 bass + inharmonic <br>Intensit\u00e9 :&nbsp; accompagner la dynamique du groupe avec des variation d&#8217;intensit\u00e9 <br>(par exemple <em>p &#8211; mf, mf &#8211; f, f &#8211; mf, mf &#8211; p)&nbsp;<\/em> &nbsp;<\/td><\/tr><\/tbody><\/table><\/figure>\n\n\n\n<h5 class=\"wp-block-heading\">Partie 5<\/h5>\n\n\n\n<p><strong>Actions : <\/strong>Les interpr\u00e8tes exp\u00e9rimentent le jeu collectif. Ils prennent contact avec le poids des cordes, et s&#8217;amusent \u00e0 lancer le centre de l&#8217;\u00e9toile, o\u00f9 toutes les cordes se croisent, vers le haut pour ensuite le laisser retomber.<\/p>\n\n\n\n<p>Apr\u00e8s des mouvements tr\u00e8s intenses et plein d&#8217;\u00e9nergie, le jeu s&#8217;apaise pour laisser place \u00e0 un moment de silence et de respiration.<\/p>\n\n\n\n<p><strong>Sons : <\/strong>changements de sons, une multiplicit\u00e9 de possibilit\u00e9s de sons bas\u00e9s sur les cordes (sons graves, tr\u00e8s graves, harpe, textures). La partie s&#8217;ach\u00e8ve avec des accords microtonaux.&nbsp;&nbsp;<\/p>\n\n\n\n<figure class=\"wp-block-table\"><table class=\"has-fixed-layout\"><tbody><tr><td>Ma\u00eetre du jeu &nbsp; <br>Pr\u00e9r\u00e9glages : <br>Cette partie est libre selon la dynamique du groupe. <br>Continuez \u00e0 jouer avec les transitions progressives, le registre changera aussi. <br>Vous pouvez aussi m\u00e9langer des banques de sons diff\u00e9rents. &nbsp;<br>05 bass + inharmonic <br>06 harp <br>07 textures <br>08 low notes + inharmonic <br>09 bass <br>10 mega bass <br>11 mega bass 3 notes<br>12 chords + inharmonic (fin de cette partie, apaisement, decrescendo)<\/td><\/tr><\/tbody><\/table><\/figure>\n\n\n\n<h5 class=\"wp-block-heading\">Partie 6<\/h5>\n\n\n\n<p><strong>Actions : <\/strong>Les interpr\u00e8tes se mettent en position accroupie. Ils font de mouvements individuels avec les cordes, lancent des vagues ou l&#8217;agitent comme un serpent. Des dialogues se cr\u00e9ent.<\/p>\n\n\n\n<p><strong>Sons :<\/strong> arp\u00e8ges et accords microtonaux&nbsp;<\/p>\n\n\n\n<figure class=\"wp-block-table\"><table class=\"has-fixed-layout\"><tbody><tr><td>Ma\u00eetre du jeu &nbsp;<br>Pr\u00e9r\u00e9glages : <br>Interpr\u00e8tes 1 \u00e0 3 : transition vers 13 high arpeges + inharmonic<br>Interpr\u00e8tes 4 \u00e0 6 : transition vers 14 chords &nbsp;<\/td><\/tr><\/tbody><\/table><\/figure>\n\n\n\n<h5 class=\"wp-block-heading\">Partie 7<\/h5>\n\n\n\n<p><strong>Actions : <\/strong>Les joueurs d\u00e9font progressivement la boucle et l&#8217;\u00e9toile. Ils se retrouvent en duo, font des petites vagues et quittent le jeu petit \u00e0 petit.<\/p>\n\n\n\n<p><strong>Sons : <\/strong>transition vers les sons inharmonique, sons du d\u00e9but (bruit blanc plus filtre de fr\u00e9quence).<\/p>\n\n\n\n<figure class=\"wp-block-table\"><table class=\"has-fixed-layout\"><tbody><tr><td>Ma\u00eetre du jeu &nbsp; <br>Pr\u00e9 r\u00e9glages : <br>Interpr\u00e8tes 1 \u00e0 3 : transition vers 15 high notes + inharmonic<br>Interpr\u00e8tes 4 \u00e0 6 : transition vers filter &nbsp; &nbsp; <br>Pour finir: Tous les interpr\u00e8tes reprennent les filtre, le son s&#8217;\u00e9teint progressivement avec les mouvements. &nbsp; &nbsp;<\/td><\/tr><\/tbody><\/table><\/figure>\n","protected":false},"excerpt":{"rendered":"<p>M\u00e9duse &#8211; Michelle Agnes Magalhaes Pour 6 \u00e0 12 interpr\u00e8tes [&hellip;]<\/p>\n","protected":false},"author":2,"featured_media":0,"parent":0,"menu_order":0,"comment_status":"closed","ping_status":"closed","template":"","meta":{"footnotes":""},"class_list":["post-142","page","type-page","status-publish","hentry"],"_links":{"self":[{"href":"https:\/\/constell-actions.ismm.ircam.fr\/index.php\/wp-json\/wp\/v2\/pages\/142","targetHints":{"allow":["GET"]}}],"collection":[{"href":"https:\/\/constell-actions.ismm.ircam.fr\/index.php\/wp-json\/wp\/v2\/pages"}],"about":[{"href":"https:\/\/constell-actions.ismm.ircam.fr\/index.php\/wp-json\/wp\/v2\/types\/page"}],"author":[{"embeddable":true,"href":"https:\/\/constell-actions.ismm.ircam.fr\/index.php\/wp-json\/wp\/v2\/users\/2"}],"replies":[{"embeddable":true,"href":"https:\/\/constell-actions.ismm.ircam.fr\/index.php\/wp-json\/wp\/v2\/comments?post=142"}],"version-history":[{"count":8,"href":"https:\/\/constell-actions.ismm.ircam.fr\/index.php\/wp-json\/wp\/v2\/pages\/142\/revisions"}],"predecessor-version":[{"id":163,"href":"https:\/\/constell-actions.ismm.ircam.fr\/index.php\/wp-json\/wp\/v2\/pages\/142\/revisions\/163"}],"wp:attachment":[{"href":"https:\/\/constell-actions.ismm.ircam.fr\/index.php\/wp-json\/wp\/v2\/media?parent=142"}],"curies":[{"name":"wp","href":"https:\/\/api.w.org\/{rel}","templated":true}]}}