{"id":116,"date":"2025-05-11T23:43:27","date_gmt":"2025-05-11T21:43:27","guid":{"rendered":"https:\/\/constell-actions.ismm.ircam.fr\/?page_id=116"},"modified":"2025-05-13T01:56:39","modified_gmt":"2025-05-12T23:56:39","slug":"voyelle-sans-ailes","status":"publish","type":"page","link":"https:\/\/constell-actions.ismm.ircam.fr\/index.php\/en\/voyelle-sans-ailes\/","title":{"rendered":"Voyelle sans aile"},"content":{"rendered":"\n<h2 class=\"wp-block-heading\">Voyelle sans aile  \u2013 Michelle Agnes Magalhaes<\/h2>\n\n\n\n<p id=\"block-d89e47af-6073-41e2-bdb4-9d2f589e0967\">Pour voix d\u2019enfants\/voix aigu\u00ebs\/voix de t\u00eate et \u00e9lectronique<\/p>\n\n\n\n<h3 class=\"wp-block-heading\" id=\"block-08a01195-8e7c-4aca-92b8-a07409c513ac\"><strong>Notes<\/strong><\/h3>\n\n\n\n<p id=\"block-415ad1d8-9f8b-4a58-8c6b-9ced9d8142a2\">La partition est \u00e9crite dans un syst\u00e8me de notation proportionnelle.<\/p>\n\n\n\n<p id=\"block-c39dcbf0-8bf6-4cce-9d77-e352dea9f154\">Chaque ligne pointill\u00e9e correspond \u00e0 une pulsation (de 56 \u00e0 66 bpm).<\/p>\n\n\n\n<p id=\"block-f0e51498-387d-4d81-985b-ffeceefed8b7\"><strong>\u00c9cho : <\/strong>r\u00e9p\u00e9tition libre du mat\u00e9riel \u00e0 l&#8217;int\u00e9rieur du carr\u00e9.<\/p>\n\n\n\n<p id=\"block-9b4d63ef-5352-48fe-8c01-ce39777c0c04\"><strong>Ombre :<\/strong> l\u00e9ger d\u00e9calage entre les voix, \u00ab aura \u00bb.<\/p>\n\n\n\n<p id=\"block-1d161ebe-dad8-44d7-b877-9bf604848803\"><strong>Unisson : <\/strong>le groupe s\u2019\u00e9coute pour commencer la phrase l\u2019unisson.<\/p>\n\n\n\n<p id=\"block-9b74ba6a-2a07-4bb4-a88a-1ee2ccca3f93\">Crescendo avec une augmentation progressive des voix. Commencer avec un petit groupe de personnes. Petit \u00e0 petit, d\u2019autres voix rejoignent le groupe jusqu\u2019\u00e0 ce que toutes les voix chantent en m\u00eame temps.<\/p>\n\n\n\n<p id=\"block-a8458072-d439-4842-a9f1-205178bd43a8\">Ce jeu a aussi une dimension spatial, un effet de \u00ab vague de sons \u00bb.<\/p>\n\n\n\n<p id=\"block-617bf34e-36d1-413f-be69-dcd12d94f669\">Cet effet peut \u00eatre explicit\u00e9 par la position des chanteurs et chanteuses dans l\u2019espace. Le ch\u0153ur peut \u00eatre organis\u00e9 en cercle autour du public, entour\u00e9 par le public ou, dans le cas de la sc\u00e8ne traditionnelle, \u00eatre positionn\u00e9 en demi-cercle.<\/p>\n\n\n\n<p id=\"block-6caf45d8-20b2-4c46-9a25-5f6e4a405823\">Decrescendo avec une diminution progressive de la densit\u00e9 de l\u2019ensemble. Peu \u00e0 peu les voix se retirent jusqu\u2019\u00e0 sa disparition compl\u00e8te. Il s\u2019agit de l\u2019effet oppos\u00e9 au crescendo avec une augmentation progressive des voix.<\/p>\n\n\n\n<h3 class=\"wp-block-heading\" id=\"block-133b8e72-3048-4f74-8721-c4894ba2ce0a\"><strong>Partie \u00e9lectronique<\/strong><\/h3>\n\n\n\n<p id=\"block-5b8c6a9f-3274-42c1-bc64-28605b885320\">Chaque chanteur tient un t\u00e9l\u00e9phone portable ou un iPod dans la main droite (ou gauche pour les gauchers).<\/p>\n\n\n\n<h4 class=\"wp-block-heading\" id=\"block-27d1db35-6d2b-4a8b-a56a-d4db8db31600\">Pr\u00e9paration<\/h4>\n\n\n\n<p id=\"block-e7ee3e93-686d-45c1-814e-a8ded89ba63d\">Sortir les portables du mode silencieux<\/p>\n\n\n\n<p id=\"block-14c70bc6-cd6a-41f9-a652-f2d6c1d17d35\">R\u00e9gler le volume sur le maximum<\/p>\n\n\n\n<p id=\"block-2304ed82-82e3-4994-b6f1-ae0e14c04180\">Aller sur la page web : apps.cosima.ircam.fr\/como-michelle<\/p>\n\n\n\n<p id=\"block-896887ba-2b26-49a0-b37e-088de69e5160\">Toucher l\u2019\u00e9cran et autoriser l\u2019acc\u00e8s aux capteurs de mouvement (si demand\u00e9)<\/p>\n\n\n\n<p id=\"block-5adb5b6b-d3f5-4c44-9f4f-0c5f683f1a20\">Cliquer sur la touche <strong>voyelles<\/strong><\/p>\n\n\n\n<h4 class=\"wp-block-heading\" id=\"block-310e466a-3b97-4efb-b8b5-299e67d1482f\">Mode d\u2019op\u00e9ration<\/h4>\n\n\n\n<p id=\"block-d7bfe815-33fe-435c-be3a-90bf8595d16d\">Pendant que vous bougez, le t\u00e9l\u00e9phone portable \u00e9met des sons qui sont contr\u00f4l\u00e9s par vos mouvements.<\/p>\n\n\n\n<p id=\"block-c2aab8d8-a013-408e-a02e-a805196a92c3\">La direction du portable (verticale, horizontale, face au sol ou au face au ciel) d\u00e9termine la famille de sons.<\/p>\n\n\n\n<p id=\"block-aaa46437-4c3c-43d9-8dd6-ae7820e35c2b\">L\u2019intensit\u00e9 du mouvement correspond \u00e0 l\u2019intensit\u00e9 avec laquelle les sons seront jou\u00e9s.<\/p>\n\n\n\n<p id=\"block-8e4e091e-b7d9-427f-810c-7e6c3091d868\">Avant de commencer, vous pouvez secouer tr\u00e8s rapidement le portable tourn\u00e9 vers le sol. Vous allez entendre un do (premi\u00e8re note de la pi\u00e8ce).<\/p>\n\n\n\n<h4 class=\"wp-block-heading\" id=\"block-56991859-117d-4467-9ad8-0f523dba23b9\">Notation pour les mouvements<br>&nbsp;<\/h4>\n\n\n\n<p id=\"block-7b30ca91-0c0a-481c-bd4a-e19295309d40\">Les gestes pour faire jouer le portable sont repr\u00e9sent\u00e9s dans la partition par les couleurs.<\/p>\n\n\n\n<p id=\"block-2e7ec435-cc9f-412f-82bf-d59da5c1a020\">Chaque couleur d\u00e9signe la direction du portable, son contenu symbolise la forme du mouvement, son enveloppe repr\u00e9sente la dynamique du groupe (crescendo ou decrescendo).<\/p>\n\n\n\n<p id=\"block-cac2f1d7-a868-4990-9e7e-96ec0f6ef316\"><strong><u>Mouvement 1<\/u><\/strong><\/p>\n\n\n\n<p id=\"block-1757156f-83a8-43c9-b5cb-0f90e94ba772\"><strong>Direction : portable tenu verticalement, \u00e9cran vers la gauche ou vers la droite si vous \u00eates gaucher.<\/strong><\/p>\n\n\n\n<p id=\"block-1baba721-a282-491b-8eb8-ecf9787ac467\"><strong>Geste : \u00e9crire les voyelles librement de fa\u00e7on \u00e9nergique. Faites une petite pause entre les voyelles.<\/strong><\/p>\n\n\n\n<p id=\"block-51d49e17-8c36-4eb0-9024-7f6a7f92f6a2\">son groupe 1 : frog choir_01<\/p>\n\n\n\n<p id=\"block-53eb6f66-8137-4b48-a653-714fa925255e\">son groupe 2 : frog choir_03<\/p>\n\n\n\n<p id=\"block-19a3caf5-f7f3-4476-ade7-ed2cf15ae27e\"><strong><u>Mouvement 2<\/u><\/strong><\/p>\n\n\n\n<p id=\"block-b1dd5732-0405-4e60-97f2-88bc1f163bc4\"><strong>Direction : portable tenu horizontalement, \u00e9cran face au sol.<\/strong><\/p>\n\n\n\n<p id=\"block-47610dca-c038-43f5-843d-e17706d42720\"><strong>Geste : lent en forme de vagues.<\/strong><\/p>\n\n\n\n<p id=\"block-83ebc17c-c416-464c-a33f-5ef82deb0e8d\">son groupe 1 : synth_high_01 &amp; Synth high 3<\/p>\n\n\n\n<p id=\"block-b5bbf649-8851-4624-9653-f9496b43fe25\">son groupe 2 : synth_high 2<\/p>\n\n\n\n<p id=\"block-ef1216d4-52a0-40e2-b884-c9e4d6f33b5c\"><strong><u>Mouvement 3<\/u><\/strong><\/p>\n\n\n\n<p id=\"block-f0b9da61-1457-49dc-95f0-d7d3123dcc5a\"><strong>Direction : portable tenu horizontalement, \u00e9cran face au ciel.<\/strong><\/p>\n\n\n\n<p id=\"block-0599e34f-2ccc-4750-bce2-cbd74a856e2c\"><strong>Geste : continu et circulaire.<\/strong><\/p>\n\n\n\n<p id=\"block-c2c376e4-1c74-48a4-a027-9d998ce50ec8\">son groupe 1 : synth_radio 3 &amp; synth_low1<\/p>\n\n\n\n<p id=\"block-9a46c47a-79e2-4abf-a647-05fd73ae37a9\">son groupe 2 : synth_radio 2 &amp; synth_radio<\/p>\n\n\n\n<p id=\"block-b3545a8c-ec05-4b32-a730-bdbc378e648d\"><strong><u>Mouvement 4<\/u><\/strong><\/p>\n\n\n\n<p id=\"block-bb0348da-d74b-4f13-9482-caa147128e8e\"><strong>Direction : portable tenu horizontalement, \u00e9cran face au ciel.<\/strong><\/p>\n\n\n\n<p id=\"block-1540b4f3-cb0f-45a7-b6a6-3aa75930fe5d\"><strong>Geste : lever lentement la main vers le haut.<\/strong><\/p>\n\n\n\n<p id=\"block-7445ecbb-1b10-457b-a30c-64481e47c6b2\">son groupe 1 : frog wh 1 &amp;2<\/p>\n\n\n\n<p id=\"block-627aaccd-69e1-4276-a578-daaf3f3b5d0a\">son groupe 2 : frog wh 3<\/p>\n","protected":false},"excerpt":{"rendered":"<p>Voyelle sans aile \u2013 Michelle Agnes Magalhaes Pour voix d\u2019enfants\/voix [&hellip;]<\/p>\n","protected":false},"author":2,"featured_media":0,"parent":0,"menu_order":0,"comment_status":"closed","ping_status":"closed","template":"","meta":{"footnotes":""},"class_list":["post-116","page","type-page","status-publish","hentry"],"_links":{"self":[{"href":"https:\/\/constell-actions.ismm.ircam.fr\/index.php\/wp-json\/wp\/v2\/pages\/116","targetHints":{"allow":["GET"]}}],"collection":[{"href":"https:\/\/constell-actions.ismm.ircam.fr\/index.php\/wp-json\/wp\/v2\/pages"}],"about":[{"href":"https:\/\/constell-actions.ismm.ircam.fr\/index.php\/wp-json\/wp\/v2\/types\/page"}],"author":[{"embeddable":true,"href":"https:\/\/constell-actions.ismm.ircam.fr\/index.php\/wp-json\/wp\/v2\/users\/2"}],"replies":[{"embeddable":true,"href":"https:\/\/constell-actions.ismm.ircam.fr\/index.php\/wp-json\/wp\/v2\/comments?post=116"}],"version-history":[{"count":2,"href":"https:\/\/constell-actions.ismm.ircam.fr\/index.php\/wp-json\/wp\/v2\/pages\/116\/revisions"}],"predecessor-version":[{"id":166,"href":"https:\/\/constell-actions.ismm.ircam.fr\/index.php\/wp-json\/wp\/v2\/pages\/116\/revisions\/166"}],"wp:attachment":[{"href":"https:\/\/constell-actions.ismm.ircam.fr\/index.php\/wp-json\/wp\/v2\/media?parent=116"}],"curies":[{"name":"wp","href":"https:\/\/api.w.org\/{rel}","templated":true}]}}